{"id":9034,"date":"2021-07-14T14:57:26","date_gmt":"2021-07-14T14:57:26","guid":{"rendered":"https:\/\/moolihai.com\/in\/product\/star-anise-seed-illicium-verum-annasi-poo-100g\/"},"modified":"2026-01-10T07:46:49","modified_gmt":"2026-01-10T07:46:49","slug":"star-anise-seed","status":"publish","type":"product","link":"https:\/\/www.moolihai.com\/in\/product\/star-anise-seed\/","title":{"rendered":"Star Anise Seed \/ Annasi Poo \/ staar anees seed \/ S\u1e6d\u0101r s\u014dmpu s\u012b\u1e0d-100gm"},"content":{"rendered":"<p><span style=\"color: #000000;\">Illicium verum is the botanical name of Star Anise Seed, it is a medium-sized tree owned by North Vietnam and southwest china. It is used as a spice and also used as a medicine for its medicinal property. The taste of this star anise is similar to the anise. The oil prepared by using star anise is used for cooking, perfumes toothpaste, skin creams, soaps, etc.<\/span><\/p>\n<h3><span style=\"color: #000000;\"><strong>Health Benefits<\/strong><\/span><\/h3>\n<ul>\n<li><span style=\"color: #000000;\">The anise seed oil is traditionally used to treat stomach problems.<\/span><\/li>\n<li><span style=\"color: #000000;\">It helps to control blood pressure levels.<\/span><\/li>\n<li><span style=\"color: #000000;\">This anise seed is good for digestion.<\/span><\/li>\n<li><span style=\"color: #000000;\">It also increases the production of a red blood cells.<\/span><\/li>\n<\/ul>\n","protected":false},"excerpt":{"rendered":"<p><strong>Quantity &#8211;<\/strong> 100 gm<\/p>\n<p>Origin &#8211; India<\/p>\n<p>Scientific Name :Illicium verum<\/p>\n","protected":false},"featured_media":56656,"comment_status":"open","ping_status":"closed","template":"","meta":{"_joinchat":[]},"product_brand":[],"product_cat":[66],"product_tag":[],"class_list":{"0":"post-9034","1":"product","2":"type-product","3":"status-publish","4":"has-post-thumbnail","6":"product_cat-spices","8":"first","9":"instock","10":"shipping-taxable","11":"purchasable","12":"product-type-variable"},"yoast_head":"<!-- This site is optimized with the Yoast SEO plugin v27.5 - https:\/\/yoast.com\/product\/yoast-seo-wordpress\/ -->\n<title>Star Anise Seed \/ Annasi Poo \/ staar anees seed \/ S\u1e6d\u0101r s\u014dmpu s\u012b\u1e0d-100gm - Moolihai India<\/title>\n<meta name=\"robots\" content=\"index, follow, max-snippet:-1, max-image-preview:large, max-video-preview:-1\" \/>\n<link rel=\"canonical\" href=\"https:\/\/www.moolihai.com\/in\/product\/star-anise-seed\/\" \/>\n<meta property=\"og:locale\" content=\"en_US\" \/>\n<meta property=\"og:type\" content=\"article\" \/>\n<meta property=\"og:title\" content=\"Star Anise Seed \/ Annasi Poo \/ staar anees seed \/ S\u1e6d\u0101r s\u014dmpu s\u012b\u1e0d-100gm - Moolihai India\" \/>\n<meta property=\"og:description\" content=\"Quantity - 100 gm  Origin - India  Scientific Name :Illicium verum\" \/>\n<meta property=\"og:url\" content=\"https:\/\/www.moolihai.com\/in\/product\/star-anise-seed\/\" \/>\n<meta property=\"og:site_name\" content=\"Moolihai India\" \/>\n<meta property=\"article:publisher\" content=\"https:\/\/www.facebook.com\/MoolihaiIndia\/\" \/>\n<meta property=\"article:modified_time\" content=\"2026-01-10T07:46:49+00:00\" \/>\n<meta property=\"og:image\" content=\"https:\/\/www.moolihai.com\/in\/wp-content\/uploads\/2021\/07\/Star-Anise-Seed-.png\" \/>\n\t<meta property=\"og:image:width\" content=\"800\" \/>\n\t<meta property=\"og:image:height\" content=\"1000\" \/>\n\t<meta property=\"og:image:type\" content=\"image\/png\" \/>\n<meta name=\"twitter:card\" content=\"summary_large_image\" \/>\n<meta name=\"twitter:label1\" content=\"Est. reading time\" \/>\n\t<meta name=\"twitter:data1\" content=\"1 minute\" \/>\n<script type=\"application\/ld+json\" class=\"yoast-schema-graph\">{\"@context\":\"https:\\\/\\\/schema.org\",\"@graph\":[{\"@type\":\"WebPage\",\"@id\":\"https:\\\/\\\/www.moolihai.com\\\/in\\\/product\\\/star-anise-seed\\\/\",\"url\":\"https:\\\/\\\/www.moolihai.com\\\/in\\\/product\\\/star-anise-seed\\\/\",\"name\":\"Star Anise Seed \\\/ Annasi Poo \\\/ staar anees seed \\\/ S\u1e6d\u0101r s\u014dmpu s\u012b\u1e0d-100gm - Moolihai India\",\"isPartOf\":{\"@id\":\"https:\\\/\\\/moolihai.com\\\/in\\\/#website\"},\"primaryImageOfPage\":{\"@id\":\"https:\\\/\\\/www.moolihai.com\\\/in\\\/product\\\/star-anise-seed\\\/#primaryimage\"},\"image\":{\"@id\":\"https:\\\/\\\/www.moolihai.com\\\/in\\\/product\\\/star-anise-seed\\\/#primaryimage\"},\"thumbnailUrl\":\"https:\\\/\\\/www.moolihai.com\\\/in\\\/wp-content\\\/uploads\\\/2021\\\/07\\\/Star-Anise-Seed-.png\",\"datePublished\":\"2021-07-14T14:57:26+00:00\",\"dateModified\":\"2026-01-10T07:46:49+00:00\",\"breadcrumb\":{\"@id\":\"https:\\\/\\\/www.moolihai.com\\\/in\\\/product\\\/star-anise-seed\\\/#breadcrumb\"},\"inLanguage\":\"en-IN\",\"potentialAction\":[{\"@type\":\"ReadAction\",\"target\":[\"https:\\\/\\\/www.moolihai.com\\\/in\\\/product\\\/star-anise-seed\\\/\"]}]},{\"@type\":\"ImageObject\",\"inLanguage\":\"en-IN\",\"@id\":\"https:\\\/\\\/www.moolihai.com\\\/in\\\/product\\\/star-anise-seed\\\/#primaryimage\",\"url\":\"https:\\\/\\\/www.moolihai.com\\\/in\\\/wp-content\\\/uploads\\\/2021\\\/07\\\/Star-Anise-Seed-.png\",\"contentUrl\":\"https:\\\/\\\/www.moolihai.com\\\/in\\\/wp-content\\\/uploads\\\/2021\\\/07\\\/Star-Anise-Seed-.png\",\"width\":800,\"height\":1000},{\"@type\":\"BreadcrumbList\",\"@id\":\"https:\\\/\\\/www.moolihai.com\\\/in\\\/product\\\/star-anise-seed\\\/#breadcrumb\",\"itemListElement\":[{\"@type\":\"ListItem\",\"position\":1,\"name\":\"Home\",\"item\":\"https:\\\/\\\/www.moolihai.com\\\/in\\\/\"},{\"@type\":\"ListItem\",\"position\":2,\"name\":\"Shop\",\"item\":\"https:\\\/\\\/www.moolihai.com\\\/in\\\/shop\\\/\"},{\"@type\":\"ListItem\",\"position\":3,\"name\":\"Star Anise Seed \\\/ Annasi Poo \\\/ staar anees seed \\\/ S\u1e6d\u0101r s\u014dmpu s\u012b\u1e0d-100gm\"}]},{\"@type\":\"WebSite\",\"@id\":\"https:\\\/\\\/moolihai.com\\\/in\\\/#website\",\"url\":\"https:\\\/\\\/moolihai.com\\\/in\\\/\",\"name\":\"Moolihai India\",\"description\":\"Indian Ayurveda, Siddha &amp; Organic Natural Products\",\"publisher\":{\"@id\":\"https:\\\/\\\/moolihai.com\\\/in\\\/#organization\"},\"alternateName\":\"Moolihai Organics India\",\"potentialAction\":[{\"@type\":\"SearchAction\",\"target\":{\"@type\":\"EntryPoint\",\"urlTemplate\":\"https:\\\/\\\/moolihai.com\\\/in\\\/?s={search_term_string}\"},\"query-input\":{\"@type\":\"PropertyValueSpecification\",\"valueRequired\":true,\"valueName\":\"search_term_string\"}}],\"inLanguage\":\"en-IN\"},{\"@type\":\"Organization\",\"@id\":\"https:\\\/\\\/moolihai.com\\\/in\\\/#organization\",\"name\":\"Moolihai Wellness Private Limited\",\"url\":\"https:\\\/\\\/moolihai.com\\\/in\\\/\",\"logo\":{\"@type\":\"ImageObject\",\"inLanguage\":\"en-IN\",\"@id\":\"https:\\\/\\\/moolihai.com\\\/in\\\/#\\\/schema\\\/logo\\\/image\\\/\",\"url\":\"https:\\\/\\\/www.moolihai.com\\\/in\\\/wp-content\\\/uploads\\\/2021\\\/08\\\/Moolihai-PNG.png\",\"contentUrl\":\"https:\\\/\\\/www.moolihai.com\\\/in\\\/wp-content\\\/uploads\\\/2021\\\/08\\\/Moolihai-PNG.png\",\"width\":4038,\"height\":686,\"caption\":\"Moolihai Wellness Private Limited\"},\"image\":{\"@id\":\"https:\\\/\\\/moolihai.com\\\/in\\\/#\\\/schema\\\/logo\\\/image\\\/\"},\"sameAs\":[\"https:\\\/\\\/www.facebook.com\\\/MoolihaiIndia\\\/\",\"https:\\\/\\\/www.instagram.com\\\/moolihai_india\\\/\"]}]}<\/script>\n<!-- \/ Yoast SEO plugin. -->","yoast_head_json":{"title":"Star Anise Seed \/ Annasi Poo \/ staar anees seed \/ S\u1e6d\u0101r s\u014dmpu s\u012b\u1e0d-100gm - Moolihai India","robots":{"index":"index","follow":"follow","max-snippet":"max-snippet:-1","max-image-preview":"max-image-preview:large","max-video-preview":"max-video-preview:-1"},"canonical":"https:\/\/www.moolihai.com\/in\/product\/star-anise-seed\/","og_locale":"en_US","og_type":"article","og_title":"Star Anise Seed \/ Annasi Poo \/ staar anees seed \/ S\u1e6d\u0101r s\u014dmpu s\u012b\u1e0d-100gm - Moolihai India","og_description":"Quantity - 100 gm  Origin - India  Scientific Name :Illicium verum","og_url":"https:\/\/www.moolihai.com\/in\/product\/star-anise-seed\/","og_site_name":"Moolihai India","article_publisher":"https:\/\/www.facebook.com\/MoolihaiIndia\/","article_modified_time":"2026-01-10T07:46:49+00:00","og_image":[{"width":800,"height":1000,"url":"https:\/\/www.moolihai.com\/in\/wp-content\/uploads\/2021\/07\/Star-Anise-Seed-.png","type":"image\/png"}],"twitter_card":"summary_large_image","twitter_misc":{"Est. reading time":"1 minute"},"schema":{"@context":"https:\/\/schema.org","@graph":[{"@type":"WebPage","@id":"https:\/\/www.moolihai.com\/in\/product\/star-anise-seed\/","url":"https:\/\/www.moolihai.com\/in\/product\/star-anise-seed\/","name":"Star Anise Seed \/ Annasi Poo \/ staar anees seed \/ S\u1e6d\u0101r s\u014dmpu s\u012b\u1e0d-100gm - Moolihai India","isPartOf":{"@id":"https:\/\/moolihai.com\/in\/#website"},"primaryImageOfPage":{"@id":"https:\/\/www.moolihai.com\/in\/product\/star-anise-seed\/#primaryimage"},"image":{"@id":"https:\/\/www.moolihai.com\/in\/product\/star-anise-seed\/#primaryimage"},"thumbnailUrl":"https:\/\/www.moolihai.com\/in\/wp-content\/uploads\/2021\/07\/Star-Anise-Seed-.png","datePublished":"2021-07-14T14:57:26+00:00","dateModified":"2026-01-10T07:46:49+00:00","breadcrumb":{"@id":"https:\/\/www.moolihai.com\/in\/product\/star-anise-seed\/#breadcrumb"},"inLanguage":"en-IN","potentialAction":[{"@type":"ReadAction","target":["https:\/\/www.moolihai.com\/in\/product\/star-anise-seed\/"]}]},{"@type":"ImageObject","inLanguage":"en-IN","@id":"https:\/\/www.moolihai.com\/in\/product\/star-anise-seed\/#primaryimage","url":"https:\/\/www.moolihai.com\/in\/wp-content\/uploads\/2021\/07\/Star-Anise-Seed-.png","contentUrl":"https:\/\/www.moolihai.com\/in\/wp-content\/uploads\/2021\/07\/Star-Anise-Seed-.png","width":800,"height":1000},{"@type":"BreadcrumbList","@id":"https:\/\/www.moolihai.com\/in\/product\/star-anise-seed\/#breadcrumb","itemListElement":[{"@type":"ListItem","position":1,"name":"Home","item":"https:\/\/www.moolihai.com\/in\/"},{"@type":"ListItem","position":2,"name":"Shop","item":"https:\/\/www.moolihai.com\/in\/shop\/"},{"@type":"ListItem","position":3,"name":"Star Anise Seed \/ Annasi Poo \/ staar anees seed \/ S\u1e6d\u0101r s\u014dmpu s\u012b\u1e0d-100gm"}]},{"@type":"WebSite","@id":"https:\/\/moolihai.com\/in\/#website","url":"https:\/\/moolihai.com\/in\/","name":"Moolihai India","description":"Indian Ayurveda, Siddha &amp; Organic Natural Products","publisher":{"@id":"https:\/\/moolihai.com\/in\/#organization"},"alternateName":"Moolihai Organics India","potentialAction":[{"@type":"SearchAction","target":{"@type":"EntryPoint","urlTemplate":"https:\/\/moolihai.com\/in\/?s={search_term_string}"},"query-input":{"@type":"PropertyValueSpecification","valueRequired":true,"valueName":"search_term_string"}}],"inLanguage":"en-IN"},{"@type":"Organization","@id":"https:\/\/moolihai.com\/in\/#organization","name":"Moolihai Wellness Private Limited","url":"https:\/\/moolihai.com\/in\/","logo":{"@type":"ImageObject","inLanguage":"en-IN","@id":"https:\/\/moolihai.com\/in\/#\/schema\/logo\/image\/","url":"https:\/\/www.moolihai.com\/in\/wp-content\/uploads\/2021\/08\/Moolihai-PNG.png","contentUrl":"https:\/\/www.moolihai.com\/in\/wp-content\/uploads\/2021\/08\/Moolihai-PNG.png","width":4038,"height":686,"caption":"Moolihai Wellness Private Limited"},"image":{"@id":"https:\/\/moolihai.com\/in\/#\/schema\/logo\/image\/"},"sameAs":["https:\/\/www.facebook.com\/MoolihaiIndia\/","https:\/\/www.instagram.com\/moolihai_india\/"]}]}},"_links":{"self":[{"href":"https:\/\/www.moolihai.com\/in\/wp-json\/wp\/v2\/product\/9034","targetHints":{"allow":["GET"]}}],"collection":[{"href":"https:\/\/www.moolihai.com\/in\/wp-json\/wp\/v2\/product"}],"about":[{"href":"https:\/\/www.moolihai.com\/in\/wp-json\/wp\/v2\/types\/product"}],"replies":[{"embeddable":true,"href":"https:\/\/www.moolihai.com\/in\/wp-json\/wp\/v2\/comments?post=9034"}],"wp:featuredmedia":[{"embeddable":true,"href":"https:\/\/www.moolihai.com\/in\/wp-json\/wp\/v2\/media\/56656"}],"wp:attachment":[{"href":"https:\/\/www.moolihai.com\/in\/wp-json\/wp\/v2\/media?parent=9034"}],"wp:term":[{"taxonomy":"product_brand","embeddable":true,"href":"https:\/\/www.moolihai.com\/in\/wp-json\/wp\/v2\/product_brand?post=9034"},{"taxonomy":"product_cat","embeddable":true,"href":"https:\/\/www.moolihai.com\/in\/wp-json\/wp\/v2\/product_cat?post=9034"},{"taxonomy":"product_tag","embeddable":true,"href":"https:\/\/www.moolihai.com\/in\/wp-json\/wp\/v2\/product_tag?post=9034"}],"curies":[{"name":"wp","href":"https:\/\/api.w.org\/{rel}","templated":true}]}}