{"id":11134,"date":"2021-07-14T15:07:40","date_gmt":"2021-07-14T15:07:40","guid":{"rendered":"https:\/\/moolihai.in\/product\/agar-agar-powder-100g\/"},"modified":"2024-04-15T10:49:10","modified_gmt":"2024-04-15T10:49:10","slug":"agar-agar-powder","status":"publish","type":"product","link":"https:\/\/www.moolihai.com\/ca\/product\/agar-agar-powder\/","title":{"rendered":"100% Natural Agar Agar Powder \/ Jellies, Healthy Gelatin Substitute Thickener, Vegan Desserts &#8211; 100 gm"},"content":{"rendered":"<p><span style=\"color: #000000\"><span style=\"font-weight: 400\">Agar-Agar is scientifically called Gelidium <\/span><span style=\"font-weight: 400\">which belongs t<\/span><span style=\"font-weight: 400\">o the Gelidiaceae family. Agar-Agar is a jelly-like substance obtained from red algae Gelidium and Gracilaria. Agar-Agar powder is an effective gelling agent that helps to make desserts and bakery items such as pudding, custard, jellies, cakes, and candies. Agar-Agar powder is mostly used in Asian cuisine, especially in Japan. Agar-Agar has many medicinal properties to treat various diseases.<\/span><\/span><\/p>\n<p><span style=\"font-size: 120%;color: #000000\"><b>Other Common Names:<\/b><\/span><\/p>\n<p><span style=\"font-weight: 400;color: #000000\">Scientific Name: Gelidium\u00a0<\/span><\/p>\n<p><span style=\"font-weight: 400;color: #000000\">English Name: Agar Agar\u00a0<\/span><\/p>\n<p><span style=\"font-weight: 400;color: #000000\">Tamil Name: Akar akar \/ \u0b85\u0b95\u0bb0\u0bcd \u0b85\u0b95\u0bb0\u0bcd<\/span><\/p>\n<p><span style=\"font-weight: 400;color: #000000\">Hindi Name: agar agar \/ \u0905\u0917\u0930 \u0905\u0917\u0930<\/span><\/p>\n<p><span style=\"font-weight: 400;color: #000000\">Punjabi Name: H\u0101jar\u0101 &#8211; h\u0101jar\u0101 \/ \u0a39\u0a3e\u0a1c\u0a30\u0a3e &#8211; \u0a39\u0a3e\u0a1c\u0a30\u0a3e\u00a0<\/span><\/p>\n<p><span style=\"font-size: 120%;color: #000000\"><b>Nutrition Facts:\u00a0<\/b><\/span><\/p>\n<ul>\n<li><span style=\"font-weight: 400;color: #000000\">Calories &#8211; 26<\/span><\/li>\n<li><span style=\"font-weight: 400;color: #000000\">Total Fat &#8211; 0 g<\/span><\/li>\n<li><span style=\"font-weight: 400;color: #000000\">Cholesterol &#8211; 0 mg<\/span><\/li>\n<li><span style=\"font-weight: 400;color: #000000\">Sodium &#8211; 9 mg<\/span><\/li>\n<li><span style=\"font-weight: 400;color: #000000\">Potassium &#8211; 226 mg<\/span><\/li>\n<li><span style=\"font-weight: 400;color: #000000\">Total Carbohydrate &#8211; 7 g<\/span><\/li>\n<li><span style=\"font-weight: 400;color: #000000\">Dietary fiber &#8211; 0.5 g<\/span><\/li>\n<li><span style=\"font-weight: 400;color: #000000\">Sugar &#8211; 0.3 g<\/span><\/li>\n<li><span style=\"font-weight: 400;color: #000000\">Protein &#8211; 0.5 g<\/span><\/li>\n<li><span style=\"font-weight: 400;color: #000000\">Calcium &#8211; 5%<\/span><\/li>\n<li><span style=\"font-weight: 400;color: #000000\">Iron &#8211; 10%<\/span><\/li>\n<li><span style=\"font-weight: 400;color: #000000\">Magnesium &#8211; 16%<\/span><\/li>\n<\/ul>\n<h3><span style=\"color: #000000\"><b>Health Benefits:<\/b><\/span><\/h3>\n<ul>\n<li style=\"font-weight: 400\"><span style=\"font-weight: 400;color: #000000\">The calcium and magnesium present in the agar-agar powder help to treat bone-related diseases and increase bone strength.<\/span><\/li>\n<li style=\"font-weight: 400\"><span style=\"font-weight: 400;color: #000000\">Consumption of agar-agar powder helps in weight loss by reducing hunger.<\/span><\/li>\n<li style=\"font-weight: 400\"><span style=\"font-weight: 400;color: #000000\">It helps to treat jaundice disease.<\/span><\/li>\n<li style=\"font-weight: 400\"><span style=\"font-weight: 400;color: #000000\">The medicinal properties of the agar-agar powder help to treat fatigue, irregular heartbeat, and shortness of breath.<\/span><\/li>\n<li style=\"font-weight: 400\"><span style=\"font-weight: 400;color: #000000\">It contains the sugar molecule galactose that helps to treat brain-related diseases and improve brain health.<\/span><\/li>\n<li style=\"font-weight: 400\"><span style=\"font-weight: 400;color: #000000\">It is the best remedy to regulate blood glucose levels.<\/span><\/li>\n<\/ul>\n<p><span style=\"font-size: 120%;color: #000000\"><b>How to Use:<\/b><\/span><\/p>\n<p><span style=\"font-weight: 400;color: #000000\">To make healthy jello, mix 1 glass of strawberry juice or your preferred natural juice with 1 teaspoon of agar agar powder. Take this prepared content in a saucepan over medium flame and bring it to a gentle boil. Continuously stir for 2 minutes. Remove from heat, leave it for about 5 minutes, then pour into molds and leave to set.<\/span><\/p>\n<p><span style=\"font-size: 120%;color: #000000\"><b>Harvesting and Manufacturing Methods:<\/b><\/span><\/p>\n<p><span style=\"font-weight: 400;color: #000000\">All herbs are 100% naturally harvested, dried, and powdered without any chemical interactions that assure the natural herb powders.<\/span><\/p>\n","protected":false},"excerpt":{"rendered":"<p><span style=\"color: #000000\"><strong>Quantity:<\/strong> 100g (3.5 oz)<\/span><\/p>\n<p><span style=\"color: #000000\"><strong>Origin:<\/strong> India<\/span><\/p>\n<ul>\n<li><span style=\"color: #000000\">100% Organic &amp; pure<\/span><\/li>\n<li><span style=\"color: #000000\">No additives &amp; preservatives<\/span><\/li>\n<li><span style=\"color: #000000\">Gluten-free &amp; Keto-friendly<\/span><\/li>\n<\/ul>\n","protected":false},"featured_media":27486,"comment_status":"open","ping_status":"closed","template":"","meta":[],"product_brand":[],"product_cat":[48],"product_tag":[],"class_list":{"0":"post-11134","1":"product","2":"type-product","3":"status-publish","4":"has-post-thumbnail","6":"product_cat-powder","8":"first","9":"outofstock","10":"shipping-taxable","11":"purchasable","12":"product-type-simple"},"yoast_head":"<!-- This site is optimized with the Yoast SEO plugin v24.4 - https:\/\/yoast.com\/wordpress\/plugins\/seo\/ -->\n<title>Buy Natural Agar Agar Powder online - Moolihai Canada.com<\/title>\n<meta name=\"description\" content=\"Agar-Agar powder is an effective gelling agent that helps to make desserts pudding, custard, jellies, cakes, and candies.\" \/>\n<meta name=\"robots\" content=\"index, follow, max-snippet:-1, max-image-preview:large, max-video-preview:-1\" \/>\n<link rel=\"canonical\" href=\"https:\/\/www.moolihai.com\/ca\/product\/agar-agar-powder\/\" \/>\n<meta property=\"og:locale\" content=\"en_US\" \/>\n<meta property=\"og:type\" content=\"article\" \/>\n<meta property=\"og:title\" content=\"Buy Natural Agar Agar Powder online - Moolihai Canada.com\" \/>\n<meta property=\"og:description\" content=\"Agar-Agar powder is an effective gelling agent that helps to make desserts pudding, custard, jellies, cakes, and candies.\" \/>\n<meta property=\"og:url\" content=\"https:\/\/www.moolihai.com\/ca\/product\/agar-agar-powder\/\" \/>\n<meta property=\"og:site_name\" content=\"Moolihai Canada\" \/>\n<meta property=\"article:modified_time\" content=\"2024-04-15T10:49:10+00:00\" \/>\n<meta property=\"og:image\" content=\"https:\/\/www.moolihai.com\/ca\/wp-content\/uploads\/2021\/07\/Agar-Agar-Powder-.png\" \/>\n\t<meta property=\"og:image:width\" content=\"800\" \/>\n\t<meta property=\"og:image:height\" content=\"1000\" \/>\n\t<meta property=\"og:image:type\" content=\"image\/png\" \/>\n<meta name=\"twitter:card\" content=\"summary_large_image\" \/>\n<meta name=\"twitter:label1\" content=\"Est. reading time\" \/>\n\t<meta name=\"twitter:data1\" content=\"2 minutes\" \/>\n<script type=\"application\/ld+json\" class=\"yoast-schema-graph\">{\"@context\":\"https:\/\/schema.org\",\"@graph\":[{\"@type\":\"WebPage\",\"@id\":\"https:\/\/www.moolihai.com\/ca\/product\/agar-agar-powder\/\",\"url\":\"https:\/\/www.moolihai.com\/ca\/product\/agar-agar-powder\/\",\"name\":\"Buy Natural Agar Agar Powder online - Moolihai Canada.com\",\"isPartOf\":{\"@id\":\"https:\/\/www.moolihai.com\/ca\/#website\"},\"primaryImageOfPage\":{\"@id\":\"https:\/\/www.moolihai.com\/ca\/product\/agar-agar-powder\/#primaryimage\"},\"image\":{\"@id\":\"https:\/\/www.moolihai.com\/ca\/product\/agar-agar-powder\/#primaryimage\"},\"thumbnailUrl\":\"https:\/\/www.moolihai.com\/ca\/wp-content\/uploads\/2021\/07\/Agar-Agar-Powder-.png\",\"datePublished\":\"2021-07-14T15:07:40+00:00\",\"dateModified\":\"2024-04-15T10:49:10+00:00\",\"description\":\"Agar-Agar powder is an effective gelling agent that helps to make desserts pudding, custard, jellies, cakes, and candies.\",\"breadcrumb\":{\"@id\":\"https:\/\/www.moolihai.com\/ca\/product\/agar-agar-powder\/#breadcrumb\"},\"inLanguage\":\"en-CA\",\"potentialAction\":[{\"@type\":\"ReadAction\",\"target\":[\"https:\/\/www.moolihai.com\/ca\/product\/agar-agar-powder\/\"]}]},{\"@type\":\"ImageObject\",\"inLanguage\":\"en-CA\",\"@id\":\"https:\/\/www.moolihai.com\/ca\/product\/agar-agar-powder\/#primaryimage\",\"url\":\"https:\/\/www.moolihai.com\/ca\/wp-content\/uploads\/2021\/07\/Agar-Agar-Powder-.png\",\"contentUrl\":\"https:\/\/www.moolihai.com\/ca\/wp-content\/uploads\/2021\/07\/Agar-Agar-Powder-.png\",\"width\":800,\"height\":1000},{\"@type\":\"BreadcrumbList\",\"@id\":\"https:\/\/www.moolihai.com\/ca\/product\/agar-agar-powder\/#breadcrumb\",\"itemListElement\":[{\"@type\":\"ListItem\",\"position\":1,\"name\":\"Home\",\"item\":\"https:\/\/www.moolihai.com\/ca\/\"},{\"@type\":\"ListItem\",\"position\":2,\"name\":\"Shop\",\"item\":\"https:\/\/www.moolihai.com\/ca\/shop\/\"},{\"@type\":\"ListItem\",\"position\":3,\"name\":\"100% Natural Agar Agar Powder \/ Jellies, Healthy Gelatin Substitute Thickener, Vegan Desserts &#8211; 100 gm\"}]},{\"@type\":\"WebSite\",\"@id\":\"https:\/\/www.moolihai.com\/ca\/#website\",\"url\":\"https:\/\/www.moolihai.com\/ca\/\",\"name\":\"Moolihai Canada\",\"description\":\"Canadian Herbal, Organic &amp; Traditional Store\",\"potentialAction\":[{\"@type\":\"SearchAction\",\"target\":{\"@type\":\"EntryPoint\",\"urlTemplate\":\"https:\/\/www.moolihai.com\/ca\/?s={search_term_string}\"},\"query-input\":{\"@type\":\"PropertyValueSpecification\",\"valueRequired\":true,\"valueName\":\"search_term_string\"}}],\"inLanguage\":\"en-CA\"}]}<\/script>\n<!-- \/ Yoast SEO plugin. -->","yoast_head_json":{"title":"Buy Natural Agar Agar Powder online - Moolihai Canada.com","description":"Agar-Agar powder is an effective gelling agent that helps to make desserts pudding, custard, jellies, cakes, and candies.","robots":{"index":"index","follow":"follow","max-snippet":"max-snippet:-1","max-image-preview":"max-image-preview:large","max-video-preview":"max-video-preview:-1"},"canonical":"https:\/\/www.moolihai.com\/ca\/product\/agar-agar-powder\/","og_locale":"en_US","og_type":"article","og_title":"Buy Natural Agar Agar Powder online - Moolihai Canada.com","og_description":"Agar-Agar powder is an effective gelling agent that helps to make desserts pudding, custard, jellies, cakes, and candies.","og_url":"https:\/\/www.moolihai.com\/ca\/product\/agar-agar-powder\/","og_site_name":"Moolihai Canada","article_modified_time":"2024-04-15T10:49:10+00:00","og_image":[{"width":800,"height":1000,"url":"https:\/\/www.moolihai.com\/ca\/wp-content\/uploads\/2021\/07\/Agar-Agar-Powder-.png","type":"image\/png"}],"twitter_card":"summary_large_image","twitter_misc":{"Est. reading time":"2 minutes"},"schema":{"@context":"https:\/\/schema.org","@graph":[{"@type":"WebPage","@id":"https:\/\/www.moolihai.com\/ca\/product\/agar-agar-powder\/","url":"https:\/\/www.moolihai.com\/ca\/product\/agar-agar-powder\/","name":"Buy Natural Agar Agar Powder online - Moolihai Canada.com","isPartOf":{"@id":"https:\/\/www.moolihai.com\/ca\/#website"},"primaryImageOfPage":{"@id":"https:\/\/www.moolihai.com\/ca\/product\/agar-agar-powder\/#primaryimage"},"image":{"@id":"https:\/\/www.moolihai.com\/ca\/product\/agar-agar-powder\/#primaryimage"},"thumbnailUrl":"https:\/\/www.moolihai.com\/ca\/wp-content\/uploads\/2021\/07\/Agar-Agar-Powder-.png","datePublished":"2021-07-14T15:07:40+00:00","dateModified":"2024-04-15T10:49:10+00:00","description":"Agar-Agar powder is an effective gelling agent that helps to make desserts pudding, custard, jellies, cakes, and candies.","breadcrumb":{"@id":"https:\/\/www.moolihai.com\/ca\/product\/agar-agar-powder\/#breadcrumb"},"inLanguage":"en-CA","potentialAction":[{"@type":"ReadAction","target":["https:\/\/www.moolihai.com\/ca\/product\/agar-agar-powder\/"]}]},{"@type":"ImageObject","inLanguage":"en-CA","@id":"https:\/\/www.moolihai.com\/ca\/product\/agar-agar-powder\/#primaryimage","url":"https:\/\/www.moolihai.com\/ca\/wp-content\/uploads\/2021\/07\/Agar-Agar-Powder-.png","contentUrl":"https:\/\/www.moolihai.com\/ca\/wp-content\/uploads\/2021\/07\/Agar-Agar-Powder-.png","width":800,"height":1000},{"@type":"BreadcrumbList","@id":"https:\/\/www.moolihai.com\/ca\/product\/agar-agar-powder\/#breadcrumb","itemListElement":[{"@type":"ListItem","position":1,"name":"Home","item":"https:\/\/www.moolihai.com\/ca\/"},{"@type":"ListItem","position":2,"name":"Shop","item":"https:\/\/www.moolihai.com\/ca\/shop\/"},{"@type":"ListItem","position":3,"name":"100% Natural Agar Agar Powder \/ Jellies, Healthy Gelatin Substitute Thickener, Vegan Desserts &#8211; 100 gm"}]},{"@type":"WebSite","@id":"https:\/\/www.moolihai.com\/ca\/#website","url":"https:\/\/www.moolihai.com\/ca\/","name":"Moolihai Canada","description":"Canadian Herbal, Organic &amp; Traditional Store","potentialAction":[{"@type":"SearchAction","target":{"@type":"EntryPoint","urlTemplate":"https:\/\/www.moolihai.com\/ca\/?s={search_term_string}"},"query-input":{"@type":"PropertyValueSpecification","valueRequired":true,"valueName":"search_term_string"}}],"inLanguage":"en-CA"}]}},"_links":{"self":[{"href":"https:\/\/www.moolihai.com\/ca\/wp-json\/wp\/v2\/product\/11134","targetHints":{"allow":["GET"]}}],"collection":[{"href":"https:\/\/www.moolihai.com\/ca\/wp-json\/wp\/v2\/product"}],"about":[{"href":"https:\/\/www.moolihai.com\/ca\/wp-json\/wp\/v2\/types\/product"}],"replies":[{"embeddable":true,"href":"https:\/\/www.moolihai.com\/ca\/wp-json\/wp\/v2\/comments?post=11134"}],"wp:featuredmedia":[{"embeddable":true,"href":"https:\/\/www.moolihai.com\/ca\/wp-json\/wp\/v2\/media\/27486"}],"wp:attachment":[{"href":"https:\/\/www.moolihai.com\/ca\/wp-json\/wp\/v2\/media?parent=11134"}],"wp:term":[{"taxonomy":"product_brand","embeddable":true,"href":"https:\/\/www.moolihai.com\/ca\/wp-json\/wp\/v2\/product_brand?post=11134"},{"taxonomy":"product_cat","embeddable":true,"href":"https:\/\/www.moolihai.com\/ca\/wp-json\/wp\/v2\/product_cat?post=11134"},{"taxonomy":"product_tag","embeddable":true,"href":"https:\/\/www.moolihai.com\/ca\/wp-json\/wp\/v2\/product_tag?post=11134"}],"curies":[{"name":"wp","href":"https:\/\/api.w.org\/{rel}","templated":true}]}}